{"id":1573,"date":"2019-04-10T09:09:28","date_gmt":"2019-04-10T09:09:28","guid":{"rendered":"https:\/\/www.eurocompliance.com\/legal-bodies-ubs\/"},"modified":"2025-05-12T12:22:45","modified_gmt":"2025-05-12T12:22:45","slug":"ubs-certification-list-of-locations-under-scope","status":"publish","type":"page","link":"https:\/\/www.eurocompliance.com\/en\/ubs-certification-list-of-locations-under-scope\/","title":{"rendered":"UBS certification &#8211; list of locations under scope"},"content":{"rendered":"\n<table id=\"tablepress-48\" class=\"tablepress tablepress-id-48\">\n<thead>\n<tr class=\"row-1 odd\">\n\t<th class=\"column-1\">Site<\/th><th class=\"column-2\">Address<\/th>\n<\/tr>\n<\/thead>\n<tbody class=\"row-hover\">\n<tr class=\"row-2 even\">\n\t<td class=\"column-1\">Australia<\/td><td class=\"column-2\">The Chifley Tower, Level 16,  Chifley Tower, Sydney, NSW 2000<\/td>\n<\/tr>\n<tr class=\"row-3 odd\">\n\t<td class=\"column-1\">Austria<\/td><td class=\"column-2\">Requs Fleischmarkt 1\/6 - 1010 Vienna<\/td>\n<\/tr>\n<tr class=\"row-4 even\">\n\t<td class=\"column-1\">Bahamas<\/td><td class=\"column-2\">1st Floor, East Bay Street, Nassau, Bahamas<\/td>\n<\/tr>\n<tr class=\"row-5 odd\">\n\t<td class=\"column-1\">Bahrain<\/td><td class=\"column-2\">Bahrain World Trade Centre West East Tower, Level 21, Manama316<\/td>\n<\/tr>\n<tr class=\"row-6 even\">\n\t<td class=\"column-1\">Brazil<\/td><td class=\"column-2\">Avenida Brigadeiro Faria Lima 4440, 04538-132 S\u00e3o Paulo, Brazil<\/td>\n<\/tr>\n<tr class=\"row-7 odd\">\n\t<td class=\"column-1\">Canada<\/td><td class=\"column-2\">154 University Avenue, M5H 3Z4 Toronto, Canada<\/td>\n<\/tr>\n<tr class=\"row-8 even\">\n\t<td class=\"column-1\">Cayman Islands<\/td><td class=\"column-2\">227 Elgin Avenue, George Town, Cayman Islands<\/td>\n<\/tr>\n<tr class=\"row-9 odd\">\n\t<td class=\"column-1\">Chile<\/td><td class=\"column-2\">181, Magdalena Calle,CL Santiago de Chile <\/td>\n<\/tr>\n<tr class=\"row-10 even\">\n\t<td class=\"column-1\">China<\/td><td class=\"column-2\">12\/F, Winland International Finance Centre, No.7, Finance Street, Xicheng District, Beijing, 100033 China<\/td>\n<\/tr>\n<tr class=\"row-11 odd\">\n\t<td class=\"column-1\"><\/td><td class=\"column-2\">37\/F, No. 33 Huayuanshiqiao Road, Shanghai, 200120 China<\/td>\n<\/tr>\n<tr class=\"row-12 even\">\n\t<td class=\"column-1\">Colombia<\/td><td class=\"column-2\">Calle 87 No 10-93, Of 801 - Bogota<\/td>\n<\/tr>\n<tr class=\"row-13 odd\">\n\t<td class=\"column-1\">Denmark<\/td><td class=\"column-2\">Sankt Annae Plads 13, 1250 Copenhagen<\/td>\n<\/tr>\n<tr class=\"row-14 even\">\n\t<td class=\"column-1\">France<\/td><td class=\"column-2\">39 Rue du Colis\u00e9e, 75008 Paris<\/td>\n<\/tr>\n<tr class=\"row-15 odd\">\n\t<td class=\"column-1\">Germany<\/td><td class=\"column-2\">Bockenheimer Landstra\u00dfe 2-4, 60306 Frankfurt am Main<\/td>\n<\/tr>\n<tr class=\"row-16 even\">\n\t<td class=\"column-1\">Hong Kong<\/td><td class=\"column-2\">7\/F, Infinitus Plaza, 199 Des Voeux Road Central, Sheung Wan, Hong Kong<\/td>\n<\/tr>\n<tr class=\"row-17 odd\">\n\t<td class=\"column-1\">India<\/td><td class=\"column-2\">2\/F, 3 North Avenue, Maker Maxity, Bandra Kurla Complex, Bandra (E), Mumbai 400 051<\/td>\n<\/tr>\n<tr class=\"row-18 even\">\n\t<td class=\"column-1\">Indonesia<\/td><td class=\"column-2\">Sequis Tower Level 22 unit 22-1Jl. Jend. Sudirman kav.71, SCBD Lot 11B Jakarta 12190<\/td>\n<\/tr>\n<tr class=\"row-19 odd\">\n\t<td class=\"column-1\">Ireland<\/td><td class=\"column-2\">South Frederick Street,D02 VY46 Dublin<\/td>\n<\/tr>\n<tr class=\"row-20 even\">\n\t<td class=\"column-1\">Israel<\/td><td class=\"column-2\">8 Hachoshlim St., 7th Floor, Herzliya Pituach 4672408<\/td>\n<\/tr>\n<tr class=\"row-21 odd\">\n\t<td class=\"column-1\">Italy<\/td><td class=\"column-2\">Via del Vecchio Politecnico,3, 20121 Milan<\/td>\n<\/tr>\n<tr class=\"row-22 even\">\n\t<td class=\"column-1\">Japan<\/td><td class=\"column-2\">24\/F, Otemachi First Square, 1-2-1 Otemachi, Chiyoda-ku, Tokyo 100-0004<\/td>\n<\/tr>\n<tr class=\"row-23 odd\">\n\t<td class=\"column-1\">Jersey<\/td><td class=\"column-2\">1, IFC Jersey, St. Helier, JE2 3BX, United Kingdom<\/td>\n<\/tr>\n<tr class=\"row-24 even\">\n\t<td class=\"column-1\">Korea South<\/td><td class=\"column-2\">9F, Centropolis Tower B, 26 Ujeongguk-ro, Jongno-gu, Seoul 03161, South Korea<\/td>\n<\/tr>\n<tr class=\"row-25 odd\">\n\t<td class=\"column-1\">Luxembourg<\/td><td class=\"column-2\">33A avenue J.F. Kennedy, Luxembourg<\/td>\n<\/tr>\n<tr class=\"row-26 even\">\n\t<td class=\"column-1\">Malaysia<\/td><td class=\"column-2\">Lot 6-1, Level 6, Equatorial Plaza, Jalan Sultan Ismail, 50250 Kuala Lumpur, Malaysia<\/td>\n<\/tr>\n<tr class=\"row-27 odd\">\n\t<td class=\"column-1\">Mexico<\/td><td class=\"column-2\">Pedregal 24, Piso 11, Torre Virreyes, Col. Molino del Rey, Ciudad de Mexico, 11040<\/td>\n<\/tr>\n<tr class=\"row-28 even\">\n\t<td class=\"column-1\">Monaco<\/td><td class=\"column-2\">2, Avenue de Grande-Bretagne, 98000 Monaco<\/td>\n<\/tr>\n<tr class=\"row-29 odd\">\n\t<td class=\"column-1\">Netherlands<\/td><td class=\"column-2\">Rembrandt Tower, Amstelplein 1, 1096 HA Amsterdam<\/td>\n<\/tr>\n<tr class=\"row-30 even\">\n\t<td class=\"column-1\">New Zealand<\/td><td class=\"column-2\">Level 27, 188 Quay Street, Auckland<\/td>\n<\/tr>\n<tr class=\"row-31 odd\">\n\t<td class=\"column-1\">Panama<\/td><td class=\"column-2\">Ave. Paseo del Mar, Panama City, Panama 0834-061<\/td>\n<\/tr>\n<tr class=\"row-32 even\">\n\t<td class=\"column-1\">Philippines<\/td><td class=\"column-2\">19\/F, Tower One and Exchange Plaza, Ayala Triangle, Ayala Avenue, Makati City, 1226<\/td>\n<\/tr>\n<tr class=\"row-33 odd\">\n\t<td class=\"column-1\">Poland<\/td><td class=\"column-2\">Aleja Pokoju 18A, 31-564 Krak\u00f3w (UBS Business Solutions Poland Sp. z o.o.)<br \/>\nAleje Ujazdowskie 51, 00-536 Warszawa (Representative Office)<\/td>\n<\/tr>\n<tr class=\"row-34 even\">\n\t<td class=\"column-1\">Puerto Rico<\/td><td class=\"column-2\">250 Munoz Rivera Avenue, Hato Rey, 00918, Puerto Rico<\/td>\n<\/tr>\n<tr class=\"row-35 odd\">\n\t<td class=\"column-1\">Qatar<\/td><td class=\"column-2\">Burj Alfardan, 14th floor, Building No. 157, Lusail city, Doha, Qatar <\/td>\n<\/tr>\n<tr class=\"row-36 even\">\n\t<td class=\"column-1\">Saudi Arabia<\/td><td class=\"column-2\">Laysen Valley \u2013 Building 6, King Khalid Road, 12361 Riyadh, Kingdom of Saudi Arabia<\/td>\n<\/tr>\n<tr class=\"row-37 odd\">\n\t<td class=\"column-1\">Singapore<\/td><td class=\"column-2\">6\/F, 9 Penang Road, Singapore 238459<\/td>\n<\/tr>\n<tr class=\"row-38 even\">\n\t<td class=\"column-1\">South Africa<\/td><td class=\"column-2\">144 Oxford Road, Johannesburg 2196<\/td>\n<\/tr>\n<tr class=\"row-39 odd\">\n\t<td class=\"column-1\">Spain<\/td><td class=\"column-2\">Calle Mar\u00eda de Molina, 4, 28006 Madrid<\/td>\n<\/tr>\n<tr class=\"row-40 even\">\n\t<td class=\"column-1\">Sweden<\/td><td class=\"column-2\">Regeringsgatan 38, 111 56 Stockholm<\/td>\n<\/tr>\n<tr class=\"row-41 odd\">\n\t<td class=\"column-1\">Switzerland<\/td><td class=\"column-2\">Max-H\u00f6gger-Strasse 80, Zurich 8048<\/td>\n<\/tr>\n<tr class=\"row-42 even\">\n\t<td class=\"column-1\">Taiwan<\/td><td class=\"column-2\">5F, 7 Sung Jen Road, Taipei 110, Taiwan<\/td>\n<\/tr>\n<tr class=\"row-43 odd\">\n\t<td class=\"column-1\">Thailand<\/td><td class=\"column-2\">195 One Bangkok Tower 4, 15th Floor Unit 1505-1508, 10330 Pathumwan, Bangkok<\/td>\n<\/tr>\n<tr class=\"row-44 even\">\n\t<td class=\"column-1\">Turkey<\/td><td class=\"column-2\">B\u00fcy\u00fckdere Cad. Ferko Signature No:175 Kat:4  D:A29, 34394 Levent \u0130stanbul - Turkey<\/td>\n<\/tr>\n<tr class=\"row-45 odd\">\n\t<td class=\"column-1\">United Arab Emirates<\/td><td class=\"column-2\">ICD Brookfield Place, Al Mustaqbal St, level 39, DIFC, Dubai 000000<\/td>\n<\/tr>\n<tr class=\"row-46 even\">\n\t<td class=\"column-1\">United Kingdom<\/td><td class=\"column-2\">5 Broadgate, London, EC2M 2QS<\/td>\n<\/tr>\n<tr class=\"row-47 odd\">\n\t<td class=\"column-1\">Uruguay<\/td><td class=\"column-2\">Ruta 8, KM 17,500. Montevideo 91600<\/td>\n<\/tr>\n<tr class=\"row-48 even\">\n\t<td class=\"column-1\">USA<\/td><td class=\"column-2\">1000 Harbor Boulevard, Weehawken, NJ 07086<\/td>\n<\/tr>\n<\/tbody>\n<\/table>\n<!-- #tablepress-48 from cache -->\n","protected":false},"excerpt":{"rendered":"","protected":false},"author":2,"featured_media":0,"parent":0,"menu_order":0,"comment_status":"closed","ping_status":"closed","template":"","meta":{"_mi_skip_tracking":false},"acf":[],"yoast_head":"<!-- This site is optimized with the Yoast SEO plugin v19.11 - https:\/\/yoast.com\/wordpress\/plugins\/seo\/ -->\n<title>UBS certification - list of locations under scope - EuroCompliance<\/title>\n<meta name=\"robots\" content=\"index, follow, max-snippet:-1, max-image-preview:large, max-video-preview:-1\" \/>\n<link rel=\"canonical\" href=\"https:\/\/www.eurocompliance.com\/en\/ubs-certification-list-of-locations-under-scope\/\" \/>\n<meta property=\"og:locale\" content=\"en_US\" \/>\n<meta property=\"og:type\" content=\"article\" \/>\n<meta property=\"og:title\" content=\"UBS certification - list of locations under scope - EuroCompliance\" \/>\n<meta property=\"og:url\" content=\"https:\/\/www.eurocompliance.com\/en\/ubs-certification-list-of-locations-under-scope\/\" \/>\n<meta property=\"og:site_name\" content=\"EuroCompliance\" \/>\n<meta property=\"article:modified_time\" content=\"2025-05-12T12:22:45+00:00\" \/>\n<meta property=\"og:image\" content=\"https:\/\/www.eurocompliance.com\/wp-content\/uploads\/2017\/04\/ECBleu.png\" \/>\n\t<meta property=\"og:image:width\" content=\"307\" \/>\n\t<meta property=\"og:image:height\" content=\"231\" \/>\n\t<meta property=\"og:image:type\" content=\"image\/png\" \/>\n<meta name=\"twitter:card\" content=\"summary_large_image\" \/>\n<meta name=\"twitter:label1\" content=\"Est. reading time\" \/>\n\t<meta name=\"twitter:data1\" content=\"1 minute\" \/>\n<script type=\"application\/ld+json\" class=\"yoast-schema-graph\">{\"@context\":\"https:\/\/schema.org\",\"@graph\":[{\"@type\":\"WebPage\",\"@id\":\"https:\/\/www.eurocompliance.com\/en\/ubs-certification-list-of-locations-under-scope\/\",\"url\":\"https:\/\/www.eurocompliance.com\/en\/ubs-certification-list-of-locations-under-scope\/\",\"name\":\"UBS certification - list of locations under scope - EuroCompliance\",\"isPartOf\":{\"@id\":\"https:\/\/www.eurocompliance.com\/#website\"},\"datePublished\":\"2019-04-10T09:09:28+00:00\",\"dateModified\":\"2025-05-12T12:22:45+00:00\",\"breadcrumb\":{\"@id\":\"https:\/\/www.eurocompliance.com\/en\/ubs-certification-list-of-locations-under-scope\/#breadcrumb\"},\"inLanguage\":\"en-US\",\"potentialAction\":[{\"@type\":\"ReadAction\",\"target\":[\"https:\/\/www.eurocompliance.com\/en\/ubs-certification-list-of-locations-under-scope\/\"]}]},{\"@type\":\"BreadcrumbList\",\"@id\":\"https:\/\/www.eurocompliance.com\/en\/ubs-certification-list-of-locations-under-scope\/#breadcrumb\",\"itemListElement\":[{\"@type\":\"ListItem\",\"position\":1,\"name\":\"Accueil\",\"item\":\"https:\/\/www.eurocompliance.com\/en\/\"},{\"@type\":\"ListItem\",\"position\":2,\"name\":\"UBS certification &#8211; list of locations under scope\"}]},{\"@type\":\"WebSite\",\"@id\":\"https:\/\/www.eurocompliance.com\/#website\",\"url\":\"https:\/\/www.eurocompliance.com\/\",\"name\":\"EuroCompliance\",\"description\":\"\",\"publisher\":{\"@id\":\"https:\/\/www.eurocompliance.com\/#organization\"},\"potentialAction\":[{\"@type\":\"SearchAction\",\"target\":{\"@type\":\"EntryPoint\",\"urlTemplate\":\"https:\/\/www.eurocompliance.com\/?s={search_term_string}\"},\"query-input\":\"required name=search_term_string\"}],\"inLanguage\":\"en-US\"},{\"@type\":\"Organization\",\"@id\":\"https:\/\/www.eurocompliance.com\/#organization\",\"name\":\"Eurocompliance\",\"url\":\"https:\/\/www.eurocompliance.com\/\",\"logo\":{\"@type\":\"ImageObject\",\"inLanguage\":\"en-US\",\"@id\":\"https:\/\/www.eurocompliance.com\/#\/schema\/logo\/image\/\",\"url\":\"https:\/\/www.eurocompliance.com\/wp-content\/uploads\/2017\/04\/logo-eurocompliance.png\",\"contentUrl\":\"https:\/\/www.eurocompliance.com\/wp-content\/uploads\/2017\/04\/logo-eurocompliance.png\",\"width\":518,\"height\":177,\"caption\":\"Eurocompliance\"},\"image\":{\"@id\":\"https:\/\/www.eurocompliance.com\/#\/schema\/logo\/image\/\"}}]}<\/script>\n<!-- \/ Yoast SEO plugin. -->","yoast_head_json":{"title":"UBS certification - list of locations under scope - EuroCompliance","robots":{"index":"index","follow":"follow","max-snippet":"max-snippet:-1","max-image-preview":"max-image-preview:large","max-video-preview":"max-video-preview:-1"},"canonical":"https:\/\/www.eurocompliance.com\/en\/ubs-certification-list-of-locations-under-scope\/","og_locale":"en_US","og_type":"article","og_title":"UBS certification - list of locations under scope - EuroCompliance","og_url":"https:\/\/www.eurocompliance.com\/en\/ubs-certification-list-of-locations-under-scope\/","og_site_name":"EuroCompliance","article_modified_time":"2025-05-12T12:22:45+00:00","og_image":[{"width":307,"height":231,"url":"https:\/\/www.eurocompliance.com\/wp-content\/uploads\/2017\/04\/ECBleu.png","type":"image\/png"}],"twitter_card":"summary_large_image","twitter_misc":{"Est. reading time":"1 minute"},"schema":{"@context":"https:\/\/schema.org","@graph":[{"@type":"WebPage","@id":"https:\/\/www.eurocompliance.com\/en\/ubs-certification-list-of-locations-under-scope\/","url":"https:\/\/www.eurocompliance.com\/en\/ubs-certification-list-of-locations-under-scope\/","name":"UBS certification - list of locations under scope - EuroCompliance","isPartOf":{"@id":"https:\/\/www.eurocompliance.com\/#website"},"datePublished":"2019-04-10T09:09:28+00:00","dateModified":"2025-05-12T12:22:45+00:00","breadcrumb":{"@id":"https:\/\/www.eurocompliance.com\/en\/ubs-certification-list-of-locations-under-scope\/#breadcrumb"},"inLanguage":"en-US","potentialAction":[{"@type":"ReadAction","target":["https:\/\/www.eurocompliance.com\/en\/ubs-certification-list-of-locations-under-scope\/"]}]},{"@type":"BreadcrumbList","@id":"https:\/\/www.eurocompliance.com\/en\/ubs-certification-list-of-locations-under-scope\/#breadcrumb","itemListElement":[{"@type":"ListItem","position":1,"name":"Accueil","item":"https:\/\/www.eurocompliance.com\/en\/"},{"@type":"ListItem","position":2,"name":"UBS certification &#8211; list of locations under scope"}]},{"@type":"WebSite","@id":"https:\/\/www.eurocompliance.com\/#website","url":"https:\/\/www.eurocompliance.com\/","name":"EuroCompliance","description":"","publisher":{"@id":"https:\/\/www.eurocompliance.com\/#organization"},"potentialAction":[{"@type":"SearchAction","target":{"@type":"EntryPoint","urlTemplate":"https:\/\/www.eurocompliance.com\/?s={search_term_string}"},"query-input":"required name=search_term_string"}],"inLanguage":"en-US"},{"@type":"Organization","@id":"https:\/\/www.eurocompliance.com\/#organization","name":"Eurocompliance","url":"https:\/\/www.eurocompliance.com\/","logo":{"@type":"ImageObject","inLanguage":"en-US","@id":"https:\/\/www.eurocompliance.com\/#\/schema\/logo\/image\/","url":"https:\/\/www.eurocompliance.com\/wp-content\/uploads\/2017\/04\/logo-eurocompliance.png","contentUrl":"https:\/\/www.eurocompliance.com\/wp-content\/uploads\/2017\/04\/logo-eurocompliance.png","width":518,"height":177,"caption":"Eurocompliance"},"image":{"@id":"https:\/\/www.eurocompliance.com\/#\/schema\/logo\/image\/"}}]}},"_links":{"self":[{"href":"https:\/\/www.eurocompliance.com\/en\/wp-json\/wp\/v2\/pages\/1573"}],"collection":[{"href":"https:\/\/www.eurocompliance.com\/en\/wp-json\/wp\/v2\/pages"}],"about":[{"href":"https:\/\/www.eurocompliance.com\/en\/wp-json\/wp\/v2\/types\/page"}],"author":[{"embeddable":true,"href":"https:\/\/www.eurocompliance.com\/en\/wp-json\/wp\/v2\/users\/2"}],"replies":[{"embeddable":true,"href":"https:\/\/www.eurocompliance.com\/en\/wp-json\/wp\/v2\/comments?post=1573"}],"version-history":[{"count":3,"href":"https:\/\/www.eurocompliance.com\/en\/wp-json\/wp\/v2\/pages\/1573\/revisions"}],"predecessor-version":[{"id":3905,"href":"https:\/\/www.eurocompliance.com\/en\/wp-json\/wp\/v2\/pages\/1573\/revisions\/3905"}],"wp:attachment":[{"href":"https:\/\/www.eurocompliance.com\/en\/wp-json\/wp\/v2\/media?parent=1573"}],"curies":[{"name":"wp","href":"https:\/\/api.w.org\/{rel}","templated":true}]}}